{"id":24,"date":"2021-11-13T01:22:19","date_gmt":"2021-11-13T01:22:19","guid":{"rendered":"https:\/\/dalbemveiculos.com.br\/site\/?page_id=24"},"modified":"2021-12-01T18:49:47","modified_gmt":"2021-12-01T18:49:47","slug":"empresa","status":"publish","type":"page","link":"https:\/\/dalbemveiculos.com.br\/site\/empresa\/","title":{"rendered":"Empresa"},"content":{"rendered":"\t\t<div data-elementor-type=\"wp-page\" data-elementor-id=\"24\" class=\"elementor elementor-24\">\n\t\t\t\t\t\t<section class=\"elementor-section elementor-top-section elementor-element elementor-element-63db382 elementor-section-boxed elementor-section-height-default elementor-section-height-default\" data-id=\"63db382\" data-element_type=\"section\" data-e-type=\"section\">\n\t\t\t\t\t\t<div class=\"elementor-container elementor-column-gap-default\">\n\t\t\t\t\t<div class=\"elementor-column elementor-col-100 elementor-top-column elementor-element elementor-element-251608a\" data-id=\"251608a\" data-element_type=\"column\" data-e-type=\"column\">\n\t\t\t<div class=\"elementor-widget-wrap elementor-element-populated\">\n\t\t\t\t\t\t<div class=\"elementor-element elementor-element-97423c4 elementor-widget elementor-widget-gallery\" data-id=\"97423c4\" data-element_type=\"widget\" data-e-type=\"widget\" data-settings=\"{&quot;columns&quot;:5,&quot;gap&quot;:{&quot;unit&quot;:&quot;px&quot;,&quot;size&quot;:13,&quot;sizes&quot;:[]},&quot;lazyload&quot;:&quot;yes&quot;,&quot;gallery_layout&quot;:&quot;grid&quot;,&quot;columns_tablet&quot;:2,&quot;columns_mobile&quot;:1,&quot;gap_tablet&quot;:{&quot;unit&quot;:&quot;px&quot;,&quot;size&quot;:10,&quot;sizes&quot;:[]},&quot;gap_mobile&quot;:{&quot;unit&quot;:&quot;px&quot;,&quot;size&quot;:10,&quot;sizes&quot;:[]},&quot;link_to&quot;:&quot;file&quot;,&quot;aspect_ratio&quot;:&quot;3:2&quot;,&quot;overlay_background&quot;:&quot;yes&quot;,&quot;content_hover_animation&quot;:&quot;fade-in&quot;}\" data-widget_type=\"gallery.default\">\n\t\t\t\t<div class=\"elementor-widget-container\">\n\t\t\t\t\t\t\t<div class=\"elementor-gallery__container\">\n\t\t\t\t\t\t\t<a class=\"e-gallery-item elementor-gallery-item elementor-animated-content\" href=\"https:\/\/dalbemveiculos.com.br\/site\/wp-content\/uploads\/2021\/11\/frente.jpg\" data-elementor-open-lightbox=\"yes\" data-elementor-lightbox-slideshow=\"all-97423c4\" data-elementor-lightbox-title=\"frente\" data-e-action-hash=\"#elementor-action%3Aaction%3Dlightbox%26settings%3DeyJpZCI6MjU1LCJ1cmwiOiJodHRwczpcL1wvZGFsYmVtdmVpY3Vsb3MuY29tLmJyXC9zaXRlXC93cC1jb250ZW50XC91cGxvYWRzXC8yMDIxXC8xMVwvZnJlbnRlLmpwZyIsInNsaWRlc2hvdyI6ImFsbC05NzQyM2M0In0%3D\">\n\t\t\t\t\t<div class=\"e-gallery-image elementor-gallery-item__image\" data-thumbnail=\"https:\/\/dalbemveiculos.com.br\/site\/wp-content\/uploads\/2021\/11\/frente-150x150.jpg\" data-width=\"150\" data-height=\"150\" alt=\"\" ><\/div>\n\t\t\t\t\t\t\t\t\t\t\t<div class=\"elementor-gallery-item__overlay\"><\/div>\n\t\t\t\t\t\t\t\t\t\t\t\t\t\t<\/a>\n\t\t\t\t\t\t\t<a class=\"e-gallery-item elementor-gallery-item elementor-animated-content\" href=\"https:\/\/dalbemveiculos.com.br\/site\/wp-content\/uploads\/2021\/11\/lado.jpg\" data-elementor-open-lightbox=\"yes\" data-elementor-lightbox-slideshow=\"all-97423c4\" data-elementor-lightbox-title=\"lado\" data-e-action-hash=\"#elementor-action%3Aaction%3Dlightbox%26settings%3DeyJpZCI6MjU2LCJ1cmwiOiJodHRwczpcL1wvZGFsYmVtdmVpY3Vsb3MuY29tLmJyXC9zaXRlXC93cC1jb250ZW50XC91cGxvYWRzXC8yMDIxXC8xMVwvbGFkby5qcGciLCJzbGlkZXNob3ciOiJhbGwtOTc0MjNjNCJ9\">\n\t\t\t\t\t<div class=\"e-gallery-image elementor-gallery-item__image\" data-thumbnail=\"https:\/\/dalbemveiculos.com.br\/site\/wp-content\/uploads\/2021\/11\/lado-150x150.jpg\" data-width=\"150\" data-height=\"150\" alt=\"\" ><\/div>\n\t\t\t\t\t\t\t\t\t\t\t<div class=\"elementor-gallery-item__overlay\"><\/div>\n\t\t\t\t\t\t\t\t\t\t\t\t\t\t<\/a>\n\t\t\t\t\t\t\t<a class=\"e-gallery-item elementor-gallery-item elementor-animated-content\" href=\"https:\/\/dalbemveiculos.com.br\/site\/wp-content\/uploads\/2021\/11\/dentro.jpg\" data-elementor-open-lightbox=\"yes\" data-elementor-lightbox-slideshow=\"all-97423c4\" data-elementor-lightbox-title=\"dentro\" data-e-action-hash=\"#elementor-action%3Aaction%3Dlightbox%26settings%3DeyJpZCI6MjUyLCJ1cmwiOiJodHRwczpcL1wvZGFsYmVtdmVpY3Vsb3MuY29tLmJyXC9zaXRlXC93cC1jb250ZW50XC91cGxvYWRzXC8yMDIxXC8xMVwvZGVudHJvLmpwZyIsInNsaWRlc2hvdyI6ImFsbC05NzQyM2M0In0%3D\">\n\t\t\t\t\t<div class=\"e-gallery-image elementor-gallery-item__image\" data-thumbnail=\"https:\/\/dalbemveiculos.com.br\/site\/wp-content\/uploads\/2021\/11\/dentro-150x150.jpg\" data-width=\"150\" data-height=\"150\" alt=\"\" ><\/div>\n\t\t\t\t\t\t\t\t\t\t\t<div class=\"elementor-gallery-item__overlay\"><\/div>\n\t\t\t\t\t\t\t\t\t\t\t\t\t\t<\/a>\n\t\t\t\t\t\t\t<a class=\"e-gallery-item elementor-gallery-item elementor-animated-content\" href=\"https:\/\/dalbemveiculos.com.br\/site\/wp-content\/uploads\/2021\/11\/dentro2.jpg\" data-elementor-open-lightbox=\"yes\" data-elementor-lightbox-slideshow=\"all-97423c4\" data-elementor-lightbox-title=\"dentro2\" data-e-action-hash=\"#elementor-action%3Aaction%3Dlightbox%26settings%3DeyJpZCI6MjUzLCJ1cmwiOiJodHRwczpcL1wvZGFsYmVtdmVpY3Vsb3MuY29tLmJyXC9zaXRlXC93cC1jb250ZW50XC91cGxvYWRzXC8yMDIxXC8xMVwvZGVudHJvMi5qcGciLCJzbGlkZXNob3ciOiJhbGwtOTc0MjNjNCJ9\">\n\t\t\t\t\t<div class=\"e-gallery-image elementor-gallery-item__image\" data-thumbnail=\"https:\/\/dalbemveiculos.com.br\/site\/wp-content\/uploads\/2021\/11\/dentro2-150x150.jpg\" data-width=\"150\" data-height=\"150\" alt=\"\" ><\/div>\n\t\t\t\t\t\t\t\t\t\t\t<div class=\"elementor-gallery-item__overlay\"><\/div>\n\t\t\t\t\t\t\t\t\t\t\t\t\t\t<\/a>\n\t\t\t\t\t\t\t<a class=\"e-gallery-item elementor-gallery-item elementor-animated-content\" href=\"https:\/\/dalbemveiculos.com.br\/site\/wp-content\/uploads\/2021\/11\/escritorio.jpg\" data-elementor-open-lightbox=\"yes\" data-elementor-lightbox-slideshow=\"all-97423c4\" data-elementor-lightbox-title=\"escritorio\" data-e-action-hash=\"#elementor-action%3Aaction%3Dlightbox%26settings%3DeyJpZCI6MjU0LCJ1cmwiOiJodHRwczpcL1wvZGFsYmVtdmVpY3Vsb3MuY29tLmJyXC9zaXRlXC93cC1jb250ZW50XC91cGxvYWRzXC8yMDIxXC8xMVwvZXNjcml0b3Jpby5qcGciLCJzbGlkZXNob3ciOiJhbGwtOTc0MjNjNCJ9\">\n\t\t\t\t\t<div class=\"e-gallery-image elementor-gallery-item__image\" data-thumbnail=\"https:\/\/dalbemveiculos.com.br\/site\/wp-content\/uploads\/2021\/11\/escritorio-150x150.jpg\" data-width=\"150\" data-height=\"150\" alt=\"\" ><\/div>\n\t\t\t\t\t\t\t\t\t\t\t<div class=\"elementor-gallery-item__overlay\"><\/div>\n\t\t\t\t\t\t\t\t\t\t\t\t\t\t<\/a>\n\t\t\t\t\t<\/div>\n\t\t\t\t\t<\/div>\n\t\t\t\t<\/div>\n\t\t\t\t<div class=\"elementor-element elementor-element-534c645 elementor-widget elementor-widget-text-editor\" data-id=\"534c645\" data-element_type=\"widget\" data-e-type=\"widget\" data-widget_type=\"text-editor.default\">\n\t\t\t\t<div class=\"elementor-widget-container\">\n\t\t\t\t\t\t\t\t\t<p><strong class=\"texto\">A DALBEM VE\u00cdCULOS<\/strong> <span class=\"texto\">\u00e9 uma empresa que est\u00e1 no mercado h\u00e1 mais de vinte tr\u00eas anos trabalhando com ve\u00edculos novos e semi-novos de excelente qualidade o que muito envaidece os seus propriet\u00e1rios e funcion\u00e1rios que ali labutam para o aprimoramento dos servi\u00e7os de alta qualidade oferecidos a todos os seus clientes. <br>A empresa iniciou suas atividades como uma pequena ag\u00eancia de autom\u00f3veis situada no bairro Santa Cruz em Contagem.<br>Posteriormente, a empresa expandiu seus neg\u00f3cios e como o crescimento continuava a todo vapor, teve a necessidade de mudar suas instala\u00e7\u00f5es para uma sede maior que se localiza no bairro Eldorado, tamb\u00e9m na Cidade de Contagem, tudo com o objetivo de oferecer a seus clientes uma maior comodidade e conforto.<br>A empresa trabalha com compra, venda, troca, financiamento e consigna\u00e7\u00e3o de ve\u00edculos novos e semi-novos de todas as marcas e modelos.<\/span><\/p>\n<p class=\"texto\">Oferecemos todo o conforto e comodidade para voc\u00ea, nosso cliente, por ser o nosso maior patrim\u00f4nio.<\/p>\n<p class=\"texto\">Tamb\u00e9m temos parcerias com entidades financeiras s\u00f3lidas que fazem o financiamento de nossos ve\u00edculos de maneira r\u00e1pida e \u00e1gil para que voc\u00ea, nosso cliente, tenha toda a tranq\u00fcilidade e seguran\u00e7a na aquisi\u00e7\u00e3o de seu novo ve\u00edculo.<\/p>\n<p class=\"texto\">Temos um objetivo primordial, oferecer com excel\u00eancia bons neg\u00f3cios, sempre com a certeza de que trabalhamos com ve\u00edculos de \u00f3tima qualidade e &nbsp;com o melhor atendimento.<\/p>\n<p class=\"texto\">Venha nos fazer uma visita e conhe\u00e7a nosso estoque pessoalmente, voc\u00ea vai adorar!<\/p>\n<p><strong class=\"texto\">Estamos localizados:<\/strong> <span class=\"texto\">Av. Jos\u00e9 Faria da Rocha, n\u00b0 2.224, bairro Eldorado em Contagem (MG).<\/span><\/p>\n<p><strong class=\"texto\">Fone\/Fax:<\/strong> <span class=\"texto\">(31) 3351-8027 \/ 3351-5473<\/span><\/p>\n<p><span class=\"texto\"><strong>Hor\u00e1rio de funcionamento:<\/strong><\/span> <span class=\"texto\">de segunda a sexta-feira de 09:00 \u00e0s 18:30 horas e s\u00e1bado de 09:00 \u00e0s 12:30<br><\/span><\/p>\t\t\t\t\t\t\t\t<\/div>\n\t\t\t\t<\/div>\n\t\t\t\t\t<\/div>\n\t\t<\/div>\n\t\t\t\t\t<\/div>\n\t\t<\/section>\n\t\t\t\t<section class=\"elementor-section elementor-top-section elementor-element elementor-element-45ae336 elementor-section-boxed elementor-section-height-default elementor-section-height-default\" data-id=\"45ae336\" data-element_type=\"section\" data-e-type=\"section\">\n\t\t\t\t\t\t<div class=\"elementor-container elementor-column-gap-default\">\n\t\t\t\t\t<div class=\"elementor-column elementor-col-100 elementor-top-column elementor-element elementor-element-032a8f8\" data-id=\"032a8f8\" data-element_type=\"column\" data-e-type=\"column\">\n\t\t\t<div class=\"elementor-widget-wrap elementor-element-populated\">\n\t\t\t\t\t\t<div class=\"elementor-element elementor-element-117c79e elementor-widget elementor-widget-spacer\" data-id=\"117c79e\" data-element_type=\"widget\" data-e-type=\"widget\" data-widget_type=\"spacer.default\">\n\t\t\t\t<div class=\"elementor-widget-container\">\n\t\t\t\t\t\t\t<div class=\"elementor-spacer\">\n\t\t\t<div class=\"elementor-spacer-inner\"><\/div>\n\t\t<\/div>\n\t\t\t\t\t\t<\/div>\n\t\t\t\t<\/div>\n\t\t\t\t\t<\/div>\n\t\t<\/div>\n\t\t\t\t\t<\/div>\n\t\t<\/section>\n\t\t\t\t<section class=\"elementor-section elementor-top-section elementor-element elementor-element-e46fe49 elementor-section-boxed elementor-section-height-default elementor-section-height-default\" data-id=\"e46fe49\" data-element_type=\"section\" data-e-type=\"section\" data-settings=\"{&quot;shape_divider_bottom&quot;:&quot;pyramids&quot;}\">\n\t\t\t\t\t<div class=\"elementor-shape elementor-shape-bottom\" aria-hidden=\"true\" data-negative=\"false\">\n\t\t\t<svg xmlns=\"http:\/\/www.w3.org\/2000\/svg\" viewBox=\"0 0 1000 100\" preserveAspectRatio=\"none\">\n\t<path class=\"elementor-shape-fill\" d=\"M761.9,44.1L643.1,27.2L333.8,98L0,3.8V0l1000,0v3.9\"\/>\n<\/svg>\t\t<\/div>\n\t\t\t\t\t<div class=\"elementor-container elementor-column-gap-default\">\n\t\t\t\t\t<div class=\"elementor-column elementor-col-100 elementor-top-column elementor-element elementor-element-5f6d3c8\" data-id=\"5f6d3c8\" data-element_type=\"column\" data-e-type=\"column\">\n\t\t\t<div class=\"elementor-widget-wrap\">\n\t\t\t\t\t\t\t<\/div>\n\t\t<\/div>\n\t\t\t\t\t<\/div>\n\t\t<\/section>\n\t\t\t\t<section class=\"elementor-section elementor-top-section elementor-element elementor-element-c4b0e86 elementor-section-boxed elementor-section-height-default elementor-section-height-default\" data-id=\"c4b0e86\" data-element_type=\"section\" data-e-type=\"section\" data-settings=\"{&quot;shape_divider_top&quot;:&quot;pyramids&quot;,&quot;shape_divider_top_negative&quot;:&quot;yes&quot;}\">\n\t\t\t\t\t<div class=\"elementor-shape elementor-shape-top\" aria-hidden=\"true\" data-negative=\"true\">\n\t\t\t<svg xmlns=\"http:\/\/www.w3.org\/2000\/svg\" viewBox=\"0 0 1000 100\" preserveAspectRatio=\"none\">\n\t<path class=\"elementor-shape-fill\" d=\"M761.9,40.6L643.1,24L333.9,93.8L0.1,1H0v99h1000V1\"\/>\n<\/svg>\t\t<\/div>\n\t\t\t\t\t<div class=\"elementor-container elementor-column-gap-default\">\n\t\t\t\t\t<div class=\"elementor-column elementor-col-100 elementor-top-column elementor-element elementor-element-012162b\" data-id=\"012162b\" data-element_type=\"column\" data-e-type=\"column\">\n\t\t\t<div class=\"elementor-widget-wrap\">\n\t\t\t\t\t\t\t<\/div>\n\t\t<\/div>\n\t\t\t\t\t<\/div>\n\t\t<\/section>\n\t\t\t\t<\/div>\n\t\t","protected":false},"excerpt":{"rendered":"<p>A DALBEM VE\u00cdCULOS \u00e9 uma empresa que est\u00e1 no mercado h\u00e1 mais de vinte tr\u00eas anos trabalhando com ve\u00edculos novos e semi-novos de excelente qualidade o que muito envaidece os seus propriet\u00e1rios e funcion\u00e1rios que ali labutam para o aprimoramento dos servi\u00e7os de alta qualidade oferecidos a todos os seus clientes. A empresa iniciou suas [&hellip;]<\/p>\n","protected":false},"author":1,"featured_media":0,"parent":0,"menu_order":0,"comment_status":"closed","ping_status":"closed","template":"","meta":{"_acf_changed":false,"footnotes":""},"class_list":["post-24","page","type-page","status-publish","hentry"],"acf":[],"_links":{"self":[{"href":"https:\/\/dalbemveiculos.com.br\/site\/wp-json\/wp\/v2\/pages\/24","targetHints":{"allow":["GET"]}}],"collection":[{"href":"https:\/\/dalbemveiculos.com.br\/site\/wp-json\/wp\/v2\/pages"}],"about":[{"href":"https:\/\/dalbemveiculos.com.br\/site\/wp-json\/wp\/v2\/types\/page"}],"author":[{"embeddable":true,"href":"https:\/\/dalbemveiculos.com.br\/site\/wp-json\/wp\/v2\/users\/1"}],"replies":[{"embeddable":true,"href":"https:\/\/dalbemveiculos.com.br\/site\/wp-json\/wp\/v2\/comments?post=24"}],"version-history":[{"count":19,"href":"https:\/\/dalbemveiculos.com.br\/site\/wp-json\/wp\/v2\/pages\/24\/revisions"}],"predecessor-version":[{"id":672,"href":"https:\/\/dalbemveiculos.com.br\/site\/wp-json\/wp\/v2\/pages\/24\/revisions\/672"}],"wp:attachment":[{"href":"https:\/\/dalbemveiculos.com.br\/site\/wp-json\/wp\/v2\/media?parent=24"}],"curies":[{"name":"wp","href":"https:\/\/api.w.org\/{rel}","templated":true}]}}